{"id":372,"date":"2022-11-16T14:29:50","date_gmt":"2022-11-16T13:29:50","guid":{"rendered":"https:\/\/somare.fr\/?page_id=372"},"modified":"2022-12-12T19:42:53","modified_gmt":"2022-12-12T18:42:53","slug":"notre-histoire-et-nos-valeurs","status":"publish","type":"page","link":"https:\/\/somare.fr\/index.php\/notre-histoire-et-nos-valeurs\/","title":{"rendered":"Venez d\u00e9couvrir notre histoire et nos valeurs"},"content":{"rendered":"\t\t<div data-elementor-type=\"wp-page\" data-elementor-id=\"372\" class=\"elementor elementor-372\" data-elementor-settings=\"{&quot;ha_cmc_init_switcher&quot;:&quot;no&quot;}\">\n\t\t\t\t\t\t<section class=\"elementor-section elementor-top-section elementor-element elementor-element-cb2574a elementor-section-height-min-height elementor-section-full_width elementor-section-height-default elementor-section-items-middle\" data-id=\"cb2574a\" data-element_type=\"section\" data-e-type=\"section\" data-settings=\"{&quot;background_background&quot;:&quot;classic&quot;,&quot;_ha_eqh_enable&quot;:false}\">\n\t\t\t\t\t\t<div class=\"elementor-container elementor-column-gap-default\">\n\t\t\t\t\t<div class=\"elementor-column elementor-col-100 elementor-top-column elementor-element elementor-element-5d3d5cd\" data-id=\"5d3d5cd\" data-element_type=\"column\" data-e-type=\"column\">\n\t\t\t<div class=\"elementor-widget-wrap elementor-element-populated\">\n\t\t\t\t\t\t<div class=\"elementor-element elementor-element-8566b2d elementor-widget elementor-widget-heading\" data-id=\"8566b2d\" data-element_type=\"widget\" data-e-type=\"widget\" data-widget_type=\"heading.default\">\n\t\t\t\t<div class=\"elementor-widget-container\">\n\t\t\t\t\t<h2 class=\"elementor-heading-title elementor-size-default\">Notre histoire et nos valeurs<\/h2>\t\t\t\t<\/div>\n\t\t\t\t<\/div>\n\t\t\t\t\t<\/div>\n\t\t<\/div>\n\t\t\t\t\t<\/div>\n\t\t<\/section>\n\t\t\t\t<section class=\"elementor-section elementor-top-section elementor-element elementor-element-ed8422e elementor-section-boxed elementor-section-height-default elementor-section-height-default\" data-id=\"ed8422e\" data-element_type=\"section\" data-e-type=\"section\" data-settings=\"{&quot;_ha_eqh_enable&quot;:false}\">\n\t\t\t\t\t\t<div class=\"elementor-container elementor-column-gap-default\">\n\t\t\t\t\t<div class=\"elementor-column elementor-col-100 elementor-top-column elementor-element elementor-element-448d6f8\" data-id=\"448d6f8\" data-element_type=\"column\" data-e-type=\"column\">\n\t\t\t<div class=\"elementor-widget-wrap elementor-element-populated\">\n\t\t\t\t\t\t<div class=\"elementor-element elementor-element-eb58914 elementor-widget elementor-widget-image\" data-id=\"eb58914\" data-element_type=\"widget\" data-e-type=\"widget\" data-widget_type=\"image.default\">\n\t\t\t\t<div class=\"elementor-widget-container\">\n\t\t\t\t\t\t\t\t\t\t\t\t\t\t\t<img fetchpriority=\"high\" decoding=\"async\" width=\"2560\" height=\"1616\" src=\"https:\/\/somare.fr\/wp-content\/uploads\/2022\/11\/1950-scaled.jpg\" class=\"attachment-full size-full wp-image-522\" alt=\"\" srcset=\"https:\/\/somare.fr\/wp-content\/uploads\/2022\/11\/1950-scaled.jpg 2560w, https:\/\/somare.fr\/wp-content\/uploads\/2022\/11\/1950-300x189.jpg 300w, https:\/\/somare.fr\/wp-content\/uploads\/2022\/11\/1950-1024x646.jpg 1024w, https:\/\/somare.fr\/wp-content\/uploads\/2022\/11\/1950-768x485.jpg 768w, https:\/\/somare.fr\/wp-content\/uploads\/2022\/11\/1950-1536x969.jpg 1536w, https:\/\/somare.fr\/wp-content\/uploads\/2022\/11\/1950-2048x1293.jpg 2048w\" sizes=\"(max-width: 2560px) 100vw, 2560px\" \/>\t\t\t\t\t\t\t\t\t\t\t\t\t\t\t<\/div>\n\t\t\t\t<\/div>\n\t\t\t\t\t<\/div>\n\t\t<\/div>\n\t\t\t\t\t<\/div>\n\t\t<\/section>\n\t\t\t\t<section class=\"elementor-section elementor-top-section elementor-element elementor-element-3787f5c elementor-section-boxed elementor-section-height-default elementor-section-height-default\" data-id=\"3787f5c\" data-element_type=\"section\" data-e-type=\"section\" data-settings=\"{&quot;_ha_eqh_enable&quot;:false}\">\n\t\t\t\t\t\t<div class=\"elementor-container elementor-column-gap-default\">\n\t\t\t\t\t<div class=\"elementor-column elementor-col-100 elementor-top-column elementor-element elementor-element-23dc75f\" data-id=\"23dc75f\" data-element_type=\"column\" data-e-type=\"column\">\n\t\t\t<div class=\"elementor-widget-wrap elementor-element-populated\">\n\t\t\t\t\t\t<div class=\"elementor-element elementor-element-4c6c23e elementor-widget elementor-widget-heading\" data-id=\"4c6c23e\" data-element_type=\"widget\" data-e-type=\"widget\" data-widget_type=\"heading.default\">\n\t\t\t\t<div class=\"elementor-widget-container\">\n\t\t\t\t\t<h3 class=\"elementor-heading-title elementor-size-default\">Ancrage local<\/h3>\t\t\t\t<\/div>\n\t\t\t\t<\/div>\n\t\t\t\t<div class=\"elementor-element elementor-element-666054d elementor-hidden-desktop elementor-widget elementor-widget-image\" data-id=\"666054d\" data-element_type=\"widget\" data-e-type=\"widget\" data-widget_type=\"image.default\">\n\t\t\t\t<div class=\"elementor-widget-container\">\n\t\t\t\t\t\t\t\t\t\t\t\t\t\t\t<img decoding=\"async\" width=\"2560\" height=\"1522\" src=\"https:\/\/somare.fr\/wp-content\/uploads\/2022\/11\/Image-Histoire-scaled.jpg\" class=\"attachment-full size-full wp-image-429\" alt=\"Batiment Somar\u00e9 1981\" srcset=\"https:\/\/somare.fr\/wp-content\/uploads\/2022\/11\/Image-Histoire-scaled.jpg 2560w, https:\/\/somare.fr\/wp-content\/uploads\/2022\/11\/Image-Histoire-300x178.jpg 300w, https:\/\/somare.fr\/wp-content\/uploads\/2022\/11\/Image-Histoire-1024x609.jpg 1024w, https:\/\/somare.fr\/wp-content\/uploads\/2022\/11\/Image-Histoire-768x457.jpg 768w, https:\/\/somare.fr\/wp-content\/uploads\/2022\/11\/Image-Histoire-1536x913.jpg 1536w, https:\/\/somare.fr\/wp-content\/uploads\/2022\/11\/Image-Histoire-2048x1218.jpg 2048w\" sizes=\"(max-width: 2560px) 100vw, 2560px\" \/>\t\t\t\t\t\t\t\t\t\t\t\t\t\t\t<\/div>\n\t\t\t\t<\/div>\n\t\t\t\t<div class=\"elementor-element elementor-element-152b089 elementor-widget elementor-widget-text-editor\" data-id=\"152b089\" data-element_type=\"widget\" data-e-type=\"widget\" data-widget_type=\"text-editor.default\">\n\t\t\t\t<div class=\"elementor-widget-container\">\n\t\t\t\t\t\t\t\t\t<p>Le 1<sup>er<\/sup> avril 1950, Louis Somar\u00e9 cr\u00e9e une petite entreprise de ma\u00e7onnerie dans le sous-sol de la maison qu\u2019il a construite, \u00e0 La Fert\u00e9 Bernard. Il propose \u00e9galement des travaux de pl\u00e2trerie, puis se sp\u00e9cialise dans le b\u00e9ton arm\u00e9.<\/p><p>En 1966, Charles Somar\u00e9 succ\u00e8de \u00e0 son p\u00e8re et emm\u00e9nage l\u2019entreprise chez lui, \u00e0 Cherr\u00e9.<\/p><p>Et depuis, l\u2019entreprise est rest\u00e9e \u00e0 Cherr\u00e9 (ZI Les Carri\u00e8res en 1978 puis ZA Le Valmer en 2008).<\/p><p>Les chantiers r\u00e9alis\u00e9s par l\u2019entreprise SOMAR\u00c9 se situent dans le d\u00e9partement de la Sarthe et les d\u00e9partements limitrophes (Eure-et-Loir, Orne, Loir-et-Cher, Mayenne) dans la limite de 1h environ autour de la Fert\u00e9 Bernard.<\/p><p>Kevin Delaveau, l\u2019actuel pr\u00e9sident de l\u2019entreprise SOMARE est membre du Club des Industriels du Perche Sarthois et du R\u00e9seau Bouche \u00e0 Oreille de La Fert\u00e9 Bernard.<\/p>\t\t\t\t\t\t\t\t<\/div>\n\t\t\t\t<\/div>\n\t\t\t\t\t<\/div>\n\t\t<\/div>\n\t\t\t\t\t<\/div>\n\t\t<\/section>\n\t\t\t\t<section class=\"elementor-section elementor-top-section elementor-element elementor-element-96eaf06 elementor-section-boxed elementor-section-height-default elementor-section-height-default\" data-id=\"96eaf06\" data-element_type=\"section\" data-e-type=\"section\" data-settings=\"{&quot;_ha_eqh_enable&quot;:false}\">\n\t\t\t\t\t\t<div class=\"elementor-container elementor-column-gap-default\">\n\t\t\t\t\t<div class=\"elementor-column elementor-col-33 elementor-top-column elementor-element elementor-element-2590c92 elementor-hidden-tablet elementor-hidden-mobile\" data-id=\"2590c92\" data-element_type=\"column\" data-e-type=\"column\" data-settings=\"{&quot;background_background&quot;:&quot;classic&quot;}\">\n\t\t\t<div class=\"elementor-widget-wrap elementor-element-populated\">\n\t\t\t\t\t\t<div class=\"elementor-element elementor-element-bb3350c elementor-widget elementor-widget-image\" data-id=\"bb3350c\" data-element_type=\"widget\" data-e-type=\"widget\" data-widget_type=\"image.default\">\n\t\t\t\t<div class=\"elementor-widget-container\">\n\t\t\t\t\t\t\t\t\t\t\t\t\t\t\t<img decoding=\"async\" width=\"2560\" height=\"1522\" src=\"https:\/\/somare.fr\/wp-content\/uploads\/2022\/11\/Image-Histoire-scaled.jpg\" class=\"attachment-full size-full wp-image-429\" alt=\"Batiment Somar\u00e9 1981\" srcset=\"https:\/\/somare.fr\/wp-content\/uploads\/2022\/11\/Image-Histoire-scaled.jpg 2560w, https:\/\/somare.fr\/wp-content\/uploads\/2022\/11\/Image-Histoire-300x178.jpg 300w, https:\/\/somare.fr\/wp-content\/uploads\/2022\/11\/Image-Histoire-1024x609.jpg 1024w, https:\/\/somare.fr\/wp-content\/uploads\/2022\/11\/Image-Histoire-768x457.jpg 768w, https:\/\/somare.fr\/wp-content\/uploads\/2022\/11\/Image-Histoire-1536x913.jpg 1536w, https:\/\/somare.fr\/wp-content\/uploads\/2022\/11\/Image-Histoire-2048x1218.jpg 2048w\" sizes=\"(max-width: 2560px) 100vw, 2560px\" \/>\t\t\t\t\t\t\t\t\t\t\t\t\t\t\t<\/div>\n\t\t\t\t<\/div>\n\t\t\t\t\t<\/div>\n\t\t<\/div>\n\t\t\t\t<div class=\"elementor-column elementor-col-33 elementor-top-column elementor-element elementor-element-57d2cd3\" data-id=\"57d2cd3\" data-element_type=\"column\" data-e-type=\"column\" data-settings=\"{&quot;background_background&quot;:&quot;classic&quot;}\">\n\t\t\t<div class=\"elementor-widget-wrap elementor-element-populated\">\n\t\t\t\t\t\t<div class=\"elementor-element elementor-element-8675432 elementor-widget elementor-widget-image\" data-id=\"8675432\" data-element_type=\"widget\" data-e-type=\"widget\" data-widget_type=\"image.default\">\n\t\t\t\t<div class=\"elementor-widget-container\">\n\t\t\t\t\t\t\t\t\t\t\t\t\t\t\t<img decoding=\"async\" width=\"2048\" height=\"1229\" src=\"https:\/\/somare.fr\/wp-content\/uploads\/2022\/11\/1966-2048x1229.jpg\" class=\"attachment-2048x2048 size-2048x2048 wp-image-566\" alt=\"\" srcset=\"https:\/\/somare.fr\/wp-content\/uploads\/2022\/11\/1966-2048x1229.jpg 2048w, https:\/\/somare.fr\/wp-content\/uploads\/2022\/11\/1966-300x180.jpg 300w, https:\/\/somare.fr\/wp-content\/uploads\/2022\/11\/1966-1024x614.jpg 1024w, https:\/\/somare.fr\/wp-content\/uploads\/2022\/11\/1966-768x461.jpg 768w, https:\/\/somare.fr\/wp-content\/uploads\/2022\/11\/1966-1536x922.jpg 1536w\" sizes=\"(max-width: 2048px) 100vw, 2048px\" \/>\t\t\t\t\t\t\t\t\t\t\t\t\t\t\t<\/div>\n\t\t\t\t<\/div>\n\t\t\t\t\t<\/div>\n\t\t<\/div>\n\t\t\t\t<div class=\"elementor-column elementor-col-33 elementor-top-column elementor-element elementor-element-0e005de\" data-id=\"0e005de\" data-element_type=\"column\" data-e-type=\"column\" data-settings=\"{&quot;background_background&quot;:&quot;classic&quot;}\">\n\t\t\t<div class=\"elementor-widget-wrap elementor-element-populated\">\n\t\t\t\t\t\t<div class=\"elementor-element elementor-element-6ff9b11 elementor-widget elementor-widget-image\" data-id=\"6ff9b11\" data-element_type=\"widget\" data-e-type=\"widget\" data-widget_type=\"image.default\">\n\t\t\t\t<div class=\"elementor-widget-container\">\n\t\t\t\t\t\t\t\t\t\t\t\t\t\t\t<img decoding=\"async\" src=\"https:\/\/somare.fr\/wp-content\/uploads\/elementor\/thumbs\/2003-pxuhqnb1ufppcwlymjj96xmmqob4ybdzwpng6lwvbs.jpg\" title=\"2003\" alt=\"2003\" loading=\"lazy\" \/>\t\t\t\t\t\t\t\t\t\t\t\t\t\t\t<\/div>\n\t\t\t\t<\/div>\n\t\t\t\t\t<\/div>\n\t\t<\/div>\n\t\t\t\t\t<\/div>\n\t\t<\/section>\n\t\t\t\t<section class=\"elementor-section elementor-top-section elementor-element elementor-element-2237990 elementor-section-boxed elementor-section-height-default elementor-section-height-default\" data-id=\"2237990\" data-element_type=\"section\" data-e-type=\"section\" data-settings=\"{&quot;_ha_eqh_enable&quot;:false}\">\n\t\t\t\t\t\t<div class=\"elementor-container elementor-column-gap-default\">\n\t\t\t\t\t<div class=\"elementor-column elementor-col-50 elementor-top-column elementor-element elementor-element-c6147aa\" data-id=\"c6147aa\" data-element_type=\"column\" data-e-type=\"column\">\n\t\t\t<div class=\"elementor-widget-wrap elementor-element-populated\">\n\t\t\t\t\t\t<div class=\"elementor-element elementor-element-291bc31 elementor-widget elementor-widget-heading\" data-id=\"291bc31\" data-element_type=\"widget\" data-e-type=\"widget\" data-widget_type=\"heading.default\">\n\t\t\t\t<div class=\"elementor-widget-container\">\n\t\t\t\t\t<h3 class=\"elementor-heading-title elementor-size-default\">Valeurs soci\u00e9tale et environnementale<\/h3>\t\t\t\t<\/div>\n\t\t\t\t<\/div>\n\t\t\t\t<div class=\"elementor-element elementor-element-f8ded42 elementor-widget elementor-widget-text-editor\" data-id=\"f8ded42\" data-element_type=\"widget\" data-e-type=\"widget\" data-widget_type=\"text-editor.default\">\n\t\t\t\t<div class=\"elementor-widget-container\">\n\t\t\t\t\t\t\t\t\t<p>En 1998, Charles Somar\u00e9 souhaite vendre. Il rencontre Daniel Tardy et Bernard Theret, dirigeants de ETPO (Entreprise de Travaux Publics de l\u2019Ouest) qui partagent les m\u00eames valeurs que lui. La transition se fera en douceur sur 4 ans\u2026 puis deux dirigeants se sont ensuite succ\u00e9d\u00e9 : Luc Joussaume \u00e0 partir de 2002, puis Kevin Delaveau en 2010 \u2026<\/p>\n<p>Plus de 250 salari\u00e9s font partie de l\u2019histoire de SOMAR\u00c9, certains ont fait des longues carri\u00e8res dans l\u2019entreprise (jusqu\u2019\u00e0 40ans) et ont transmis leur savoir-faire aux plus jeunes (devenus moins jeunes).<\/p>\n<p>Tous les ans, l\u2019entreprise int\u00e8gre dans ses \u00e9quipes des apprentis en formation (CAP\/BEP\/Bac pro\/BTS en alternance) ou en r\u00e9insertion par le biais du GEIQ BTP 72.<\/p>\n<p>L\u2019entreprise SOMARE est fi\u00e8re d\u2019adh\u00e9rer \u00e0 la FFB72. Kevin Delaveau est m\u00eame pr\u00e9sident de la Section ma\u00e7onnerie depuis\u2026.<\/p>\t\t\t\t\t\t\t\t<\/div>\n\t\t\t\t<\/div>\n\t\t\t\t\t<\/div>\n\t\t<\/div>\n\t\t\t\t<div class=\"elementor-column elementor-col-50 elementor-top-column elementor-element elementor-element-7cf4eae\" data-id=\"7cf4eae\" data-element_type=\"column\" data-e-type=\"column\" data-settings=\"{&quot;background_background&quot;:&quot;classic&quot;}\">\n\t\t\t<div class=\"elementor-widget-wrap elementor-element-populated\">\n\t\t\t\t\t\t<div class=\"elementor-element elementor-element-c362718 elementor-widget elementor-widget-image\" data-id=\"c362718\" data-element_type=\"widget\" data-e-type=\"widget\" data-widget_type=\"image.default\">\n\t\t\t\t<div class=\"elementor-widget-container\">\n\t\t\t\t\t\t\t\t\t\t\t\t\t\t\t<img decoding=\"async\" src=\"https:\/\/somare.fr\/wp-content\/uploads\/elementor\/thumbs\/equipe_PG15-scaled-pxugo2zfg4x70umktdfae5ytcke05dag9u3acx3cm0.jpg\" title=\"e\u0301quipe_PG15\" alt=\"e\u0301quipe_PG15\" loading=\"lazy\" \/>\t\t\t\t\t\t\t\t\t\t\t\t\t\t\t<\/div>\n\t\t\t\t<\/div>\n\t\t\t\t\t<\/div>\n\t\t<\/div>\n\t\t\t\t\t<\/div>\n\t\t<\/section>\n\t\t\t\t<section class=\"elementor-section elementor-top-section elementor-element elementor-element-657b5b7 elementor-section-boxed elementor-section-height-default elementor-section-height-default\" data-id=\"657b5b7\" data-element_type=\"section\" data-e-type=\"section\" data-settings=\"{&quot;_ha_eqh_enable&quot;:false}\">\n\t\t\t\t\t\t<div class=\"elementor-container elementor-column-gap-default\">\n\t\t\t\t\t\t<\/div>\n\t\t<\/section>\n\t\t\t\t<section class=\"elementor-section elementor-top-section elementor-element elementor-element-ff8216b elementor-section-boxed elementor-section-height-default elementor-section-height-default\" data-id=\"ff8216b\" data-element_type=\"section\" data-e-type=\"section\" data-settings=\"{&quot;_ha_eqh_enable&quot;:false}\">\n\t\t\t\t\t\t<div class=\"elementor-container elementor-column-gap-default\">\n\t\t\t\t\t<div class=\"elementor-column elementor-col-100 elementor-top-column elementor-element elementor-element-e8a1710\" data-id=\"e8a1710\" data-element_type=\"column\" data-e-type=\"column\">\n\t\t\t<div class=\"elementor-widget-wrap elementor-element-populated\">\n\t\t\t\t\t\t<div class=\"elementor-element elementor-element-ff48007 elementor-widget elementor-widget-text-editor\" data-id=\"ff48007\" data-element_type=\"widget\" data-e-type=\"widget\" data-widget_type=\"text-editor.default\">\n\t\t\t\t<div class=\"elementor-widget-container\">\n\t\t\t\t\t\t\t\t\t<p>Gr\u00e2ce aux actions et formations de la FFB72, nous sommes inform\u00e9s tout au long de l\u2019ann\u00e9e des nouveaux d\u00e9crets en mati\u00e8re de tri sur les chantiers, de grille salariale, performance \u00e9nerg\u00e9tique, \u2026<\/p><p>En 2020, Kevin Delaveau rach\u00e8te l\u2019entreprise au Groupe ETPO, afin de conserver la gestion locale de l\u2019entreprise.<\/p><p>Actuellement, l\u2019entreprise emploie une trentaine de salari\u00e9s\u00a0: man\u0153uvres, ma\u00e7ons, ouvriers qualifi\u00e9s, chef d\u2019\u00e9quipe, chefs de chantier, chef de chantier principal, conducteur de travaux, m\u00e9treur, responsable \u00e9tudes, secr\u00e9taire, comptable, agent administratif.<\/p><p>Kevin Delaveau participe \u00e0 de nombreuses manifestations organis\u00e9es par les lyc\u00e9es, la mission locale, les agences d\u2019int\u00e9rims, p\u00f4le emploi , la FFB, \u2026 afin de faire connaitre aux jeunes le monde du b\u00e2timent, de susciter des vocations, de partager son exp\u00e9rience et son int\u00e9r\u00eat pour ce secteur professionnel qui manque de main d\u2019\u0153uvre.<\/p>\t\t\t\t\t\t\t\t<\/div>\n\t\t\t\t<\/div>\n\t\t\t\t\t<\/div>\n\t\t<\/div>\n\t\t\t\t\t<\/div>\n\t\t<\/section>\n\t\t\t\t<section class=\"elementor-section elementor-top-section elementor-element elementor-element-e23889a elementor-section-boxed elementor-section-height-default elementor-section-height-default\" data-id=\"e23889a\" data-element_type=\"section\" data-e-type=\"section\" data-settings=\"{&quot;_ha_eqh_enable&quot;:false}\">\n\t\t\t\t\t\t<div class=\"elementor-container elementor-column-gap-default\">\n\t\t\t\t\t<div class=\"elementor-column elementor-col-50 elementor-top-column elementor-element elementor-element-6c80080\" data-id=\"6c80080\" data-element_type=\"column\" data-e-type=\"column\" data-settings=\"{&quot;background_background&quot;:&quot;classic&quot;}\">\n\t\t\t<div class=\"elementor-widget-wrap elementor-element-populated\">\n\t\t\t\t\t\t<div class=\"elementor-element elementor-element-6366e5d elementor-widget elementor-widget-image\" data-id=\"6366e5d\" data-element_type=\"widget\" data-e-type=\"widget\" data-widget_type=\"image.default\">\n\t\t\t\t<div class=\"elementor-widget-container\">\n\t\t\t\t\t\t\t\t\t\t\t\t\t\t\t<img loading=\"lazy\" decoding=\"async\" width=\"1350\" height=\"2015\" src=\"https:\/\/somare.fr\/wp-content\/uploads\/2022\/11\/equipe_PG20.png\" class=\"attachment-full size-full wp-image-538\" alt=\"\" srcset=\"https:\/\/somare.fr\/wp-content\/uploads\/2022\/11\/equipe_PG20.png 1350w, https:\/\/somare.fr\/wp-content\/uploads\/2022\/11\/equipe_PG20-201x300.png 201w, https:\/\/somare.fr\/wp-content\/uploads\/2022\/11\/equipe_PG20-686x1024.png 686w, https:\/\/somare.fr\/wp-content\/uploads\/2022\/11\/equipe_PG20-768x1146.png 768w, https:\/\/somare.fr\/wp-content\/uploads\/2022\/11\/equipe_PG20-1029x1536.png 1029w\" sizes=\"(max-width: 1350px) 100vw, 1350px\" \/>\t\t\t\t\t\t\t\t\t\t\t\t\t\t\t<\/div>\n\t\t\t\t<\/div>\n\t\t\t\t\t<\/div>\n\t\t<\/div>\n\t\t\t\t<div class=\"elementor-column elementor-col-50 elementor-top-column elementor-element elementor-element-7f7896a\" data-id=\"7f7896a\" data-element_type=\"column\" data-e-type=\"column\" data-settings=\"{&quot;background_background&quot;:&quot;classic&quot;}\">\n\t\t\t<div class=\"elementor-widget-wrap elementor-element-populated\">\n\t\t\t\t\t\t<div class=\"elementor-element elementor-element-057814e elementor-widget elementor-widget-image\" data-id=\"057814e\" data-element_type=\"widget\" data-e-type=\"widget\" data-widget_type=\"image.default\">\n\t\t\t\t<div class=\"elementor-widget-container\">\n\t\t\t\t\t\t\t\t\t\t\t\t\t\t\t<img loading=\"lazy\" decoding=\"async\" width=\"2110\" height=\"2480\" src=\"https:\/\/somare.fr\/wp-content\/uploads\/2022\/11\/equipe_PG25.png\" class=\"attachment-full size-full wp-image-536\" alt=\"\" srcset=\"https:\/\/somare.fr\/wp-content\/uploads\/2022\/11\/equipe_PG25.png 2110w, https:\/\/somare.fr\/wp-content\/uploads\/2022\/11\/equipe_PG25-255x300.png 255w, https:\/\/somare.fr\/wp-content\/uploads\/2022\/11\/equipe_PG25-871x1024.png 871w, https:\/\/somare.fr\/wp-content\/uploads\/2022\/11\/equipe_PG25-768x903.png 768w, https:\/\/somare.fr\/wp-content\/uploads\/2022\/11\/equipe_PG25-1307x1536.png 1307w, https:\/\/somare.fr\/wp-content\/uploads\/2022\/11\/equipe_PG25-1742x2048.png 1742w\" sizes=\"(max-width: 2110px) 100vw, 2110px\" \/>\t\t\t\t\t\t\t\t\t\t\t\t\t\t\t<\/div>\n\t\t\t\t<\/div>\n\t\t\t\t\t<\/div>\n\t\t<\/div>\n\t\t\t\t\t<\/div>\n\t\t<\/section>\n\t\t\t\t<section class=\"elementor-section elementor-top-section elementor-element elementor-element-a71b719 elementor-section-boxed elementor-section-height-default elementor-section-height-default\" data-id=\"a71b719\" data-element_type=\"section\" data-e-type=\"section\" data-settings=\"{&quot;_ha_eqh_enable&quot;:false}\">\n\t\t\t\t\t\t<div class=\"elementor-container elementor-column-gap-default\">\n\t\t\t\t\t<div class=\"elementor-column elementor-col-100 elementor-top-column elementor-element elementor-element-5692c8b\" data-id=\"5692c8b\" data-element_type=\"column\" data-e-type=\"column\">\n\t\t\t<div class=\"elementor-widget-wrap elementor-element-populated\">\n\t\t\t\t\t\t<div class=\"elementor-element elementor-element-835692e elementor-widget elementor-widget-heading\" data-id=\"835692e\" data-element_type=\"widget\" data-e-type=\"widget\" data-widget_type=\"heading.default\">\n\t\t\t\t<div class=\"elementor-widget-container\">\n\t\t\t\t\t<h3 class=\"elementor-heading-title elementor-size-default\">Exp\u00e9rience<\/h3>\t\t\t\t<\/div>\n\t\t\t\t<\/div>\n\t\t\t\t<div class=\"elementor-element elementor-element-4f1d228 elementor-widget elementor-widget-text-editor\" data-id=\"4f1d228\" data-element_type=\"widget\" data-e-type=\"widget\" data-widget_type=\"text-editor.default\">\n\t\t\t\t<div class=\"elementor-widget-container\">\n\t\t\t\t\t\t\t\t\t<p>SOMARE a su traverser les \u00e9poques et passer les crises gr\u00e2ce \u00e0 sa grande capacit\u00e9 d\u2019adaptation, \u00e0 son savoir-faire de qualit\u00e9 et \u00e0 la fid\u00e9lit\u00e9 de ses clients.<\/p><p>Elle est certifi\u00e9e Qualibat et se positionne sur tous les types de chantiers touchant le gros-\u0153uvre\u00a0: du particulier au professionnel, de l\u2019industriel aux collectivit\u00e9s, du march\u00e9 public au march\u00e9 priv\u00e9.<\/p><p>En plus de 70 ans d\u2019existence, l\u2019entreprise a construit, r\u00e9nov\u00e9, r\u00e9habilit\u00e9, \u00e9tendu, entretenu, restructur\u00e9, r\u00e9am\u00e9nag\u00e9 \u2026 des pavillons, des lotissements, des logements collectifs, de nombreux b\u00e2timents industriels du bassin fertois et d\u2019ailleurs, des stations d\u2019\u00e9puration, des salles de sport, des coll\u00e8ges, des magasins, des maisons de retraite, des maisons de l\u2019enfance, une centrale hydraulique, une centrale de m\u00e9thanisation, \u2026<\/p>\t\t\t\t\t\t\t\t<\/div>\n\t\t\t\t<\/div>\n\t\t\t\t\t<\/div>\n\t\t<\/div>\n\t\t\t\t\t<\/div>\n\t\t<\/section>\n\t\t\t\t<section class=\"elementor-section elementor-top-section elementor-element elementor-element-d6261bd elementor-section-boxed elementor-section-height-default elementor-section-height-default\" data-id=\"d6261bd\" data-element_type=\"section\" data-e-type=\"section\" data-settings=\"{&quot;_ha_eqh_enable&quot;:false}\">\n\t\t\t\t\t\t<div class=\"elementor-container elementor-column-gap-default\">\n\t\t\t\t\t<div class=\"elementor-column elementor-col-100 elementor-top-column elementor-element elementor-element-d69b2c1\" data-id=\"d69b2c1\" data-element_type=\"column\" data-e-type=\"column\">\n\t\t\t<div class=\"elementor-widget-wrap elementor-element-populated\">\n\t\t\t\t\t\t<div class=\"elementor-element elementor-element-c6661fb elementor-widget elementor-widget-image\" data-id=\"c6661fb\" data-element_type=\"widget\" data-e-type=\"widget\" data-widget_type=\"image.default\">\n\t\t\t\t<div class=\"elementor-widget-container\">\n\t\t\t\t\t\t\t\t\t\t\t\t\t\t\t\t<a href=\"https:\/\/somare.fr\/wp-content\/uploads\/2022\/11\/evolution-logo-scaled.jpg\" data-elementor-open-lightbox=\"yes\" data-elementor-lightbox-title=\"evolution-logo\" data-e-action-hash=\"#elementor-action%3Aaction%3Dlightbox%26settings%3DeyJpZCI6NTQ2LCJ1cmwiOiJodHRwczpcL1wvc29tYXJlLmZyXC93cC1jb250ZW50XC91cGxvYWRzXC8yMDIyXC8xMVwvZXZvbHV0aW9uLWxvZ28tc2NhbGVkLmpwZyJ9\">\n\t\t\t\t\t\t\t<img loading=\"lazy\" decoding=\"async\" width=\"2560\" height=\"960\" src=\"https:\/\/somare.fr\/wp-content\/uploads\/2022\/11\/evolution-logo-scaled.jpg\" class=\"attachment-full size-full wp-image-546\" alt=\"\" srcset=\"https:\/\/somare.fr\/wp-content\/uploads\/2022\/11\/evolution-logo-scaled.jpg 2560w, https:\/\/somare.fr\/wp-content\/uploads\/2022\/11\/evolution-logo-300x112.jpg 300w, https:\/\/somare.fr\/wp-content\/uploads\/2022\/11\/evolution-logo-1024x384.jpg 1024w, https:\/\/somare.fr\/wp-content\/uploads\/2022\/11\/evolution-logo-768x288.jpg 768w, https:\/\/somare.fr\/wp-content\/uploads\/2022\/11\/evolution-logo-1536x576.jpg 1536w, https:\/\/somare.fr\/wp-content\/uploads\/2022\/11\/evolution-logo-2048x768.jpg 2048w\" sizes=\"(max-width: 2560px) 100vw, 2560px\" \/>\t\t\t\t\t\t\t\t<\/a>\n\t\t\t\t\t\t\t\t\t\t\t\t\t\t\t<\/div>\n\t\t\t\t<\/div>\n\t\t\t\t\t<\/div>\n\t\t<\/div>\n\t\t\t\t\t<\/div>\n\t\t<\/section>\n\t\t\t\t<\/div>\n\t\t","protected":false},"excerpt":{"rendered":"<p>Notre histoire et nos valeurs Ancrage local Le 1er avril 1950, Louis Somar\u00e9 cr\u00e9e une petite entreprise de ma\u00e7onnerie dans le sous-sol de la maison qu\u2019il a construite, \u00e0 La Fert\u00e9 Bernard. Il propose \u00e9galement des travaux de pl\u00e2trerie, puis se sp\u00e9cialise dans le b\u00e9ton arm\u00e9. En 1966, Charles Somar\u00e9 succ\u00e8de \u00e0 son p\u00e8re et [&hellip;]<\/p>\n","protected":false},"author":1,"featured_media":0,"parent":0,"menu_order":0,"comment_status":"closed","ping_status":"closed","template":"elementor_header_footer","meta":{"footnotes":""},"class_list":["post-372","page","type-page","status-publish","hentry"],"aioseo_notices":[],"_links":{"self":[{"href":"https:\/\/somare.fr\/index.php\/wp-json\/wp\/v2\/pages\/372","targetHints":{"allow":["GET"]}}],"collection":[{"href":"https:\/\/somare.fr\/index.php\/wp-json\/wp\/v2\/pages"}],"about":[{"href":"https:\/\/somare.fr\/index.php\/wp-json\/wp\/v2\/types\/page"}],"author":[{"embeddable":true,"href":"https:\/\/somare.fr\/index.php\/wp-json\/wp\/v2\/users\/1"}],"replies":[{"embeddable":true,"href":"https:\/\/somare.fr\/index.php\/wp-json\/wp\/v2\/comments?post=372"}],"version-history":[{"count":49,"href":"https:\/\/somare.fr\/index.php\/wp-json\/wp\/v2\/pages\/372\/revisions"}],"predecessor-version":[{"id":2257,"href":"https:\/\/somare.fr\/index.php\/wp-json\/wp\/v2\/pages\/372\/revisions\/2257"}],"wp:attachment":[{"href":"https:\/\/somare.fr\/index.php\/wp-json\/wp\/v2\/media?parent=372"}],"curies":[{"name":"wp","href":"https:\/\/api.w.org\/{rel}","templated":true}]}}